{"id":5636,"date":"2025-02-06T10:29:35","date_gmt":"2025-02-06T09:29:35","guid":{"rendered":"https:\/\/visitschengen.lu\/declaration-de-protection-de-donnees\/"},"modified":"2025-08-14T09:31:27","modified_gmt":"2025-08-14T07:31:27","slug":"declaration-de-protection-de-donnees","status":"publish","type":"page","link":"https:\/\/www.visitschengen.lu\/fr\/declaration-de-protection-de-donnees\/","title":{"rendered":"D\u00e9claration de protection de donn\u00e9es"},"content":{"rendered":"\t\t<div data-elementor-type=\"wp-page\" data-elementor-id=\"5636\" class=\"elementor elementor-5636 elementor-1041\" data-elementor-post-type=\"page\">\n\t\t\t\t\t\t<section class=\"elementor-section elementor-top-section elementor-element elementor-element-384c5f elementor-section-boxed elementor-section-height-default elementor-section-height-default\" data-id=\"384c5f\" data-element_type=\"section\" data-e-type=\"section\" data-settings=\"{&quot;background_background&quot;:&quot;classic&quot;}\">\n\t\t\t\t\t\t<div class=\"elementor-container elementor-column-gap-default\">\n\t\t\t\t\t<div class=\"elementor-column elementor-col-100 elementor-top-column elementor-element elementor-element-1159409e\" data-id=\"1159409e\" data-element_type=\"column\" data-e-type=\"column\">\n\t\t\t<div class=\"elementor-widget-wrap elementor-element-populated\">\n\t\t\t\t\t\t\t<\/div>\n\t\t<\/div>\n\t\t\t\t\t<\/div>\n\t\t<\/section>\n\t\t\t\t<section class=\"elementor-section elementor-top-section elementor-element elementor-element-77ad096 elementor-section-boxed elementor-section-height-default elementor-section-height-default\" data-id=\"77ad096\" data-element_type=\"section\" data-e-type=\"section\" data-settings=\"{&quot;background_background&quot;:&quot;classic&quot;}\">\n\t\t\t\t\t\t<div class=\"elementor-container elementor-column-gap-default\">\n\t\t\t\t\t<div class=\"elementor-column elementor-col-100 elementor-top-column elementor-element elementor-element-e89098c\" data-id=\"e89098c\" data-element_type=\"column\" data-e-type=\"column\">\n\t\t\t<div class=\"elementor-widget-wrap elementor-element-populated\">\n\t\t\t\t\t\t<div class=\"elementor-element elementor-element-972b9ed elementor-widget elementor-widget-text-editor\" data-id=\"972b9ed\" data-element_type=\"widget\" data-e-type=\"widget\" data-widget_type=\"text-editor.default\">\n\t\t\t\t<div class=\"elementor-widget-container\">\n\t\t\t\t\t\t\t\t\t<div data-id=\"fr-privacy\" data-element_type=\"widget\" data-widget_type=\"text-editor.default\">\n<div>\n<header>\n<h4><strong>Nous attachons une grande importance \u00e0 la confidentialit\u00e9 et \u00e0 la protection de vos donn\u00e9es personnelles. Cette politique vous informe simplement sur la collecte, le traitement et l\u2019utilisation de vos donn\u00e9es lors de la visite de notre site web.<\/strong><\/h4>\n<\/header>\n<div>\n<h4><strong>Politique de confidentialit\u00e9 \u2013 Aper\u00e7u<\/strong><\/h4>\n<h5>Prises de vue photo et vid\u00e9o lors des \u00e9v\u00e9nements<\/h5>\n<p>Lors des \u00e9v\u00e9nements publics organis\u00e9s par le Centre Europ\u00e9en Schengen a.s.b.l., des photos et vid\u00e9os sont prises. Elles peuvent \u00eatre utilis\u00e9es \u00e0 des fins de documentation et de communication (site web, r\u00e9seaux sociaux, supports imprim\u00e9s, etc.). En acc\u00e9dant \u00e0 l\u2019\u00e9v\u00e9nement, les participants acceptent que des images d\u2019eux puissent \u00eatre r\u00e9alis\u00e9es et utilis\u00e9es.<br \/>\nPour des raisons d\u2019organisation, il n\u2019est pas possible de prendre en compte des demandes individuelles sur place. Le traitement repose sur notre int\u00e9r\u00eat l\u00e9gitime conform\u00e9ment \u00e0 l\u2019article 6, paragraphe 1, point f du RGPD.<\/p>\n<h5>Collecte des donn\u00e9es sur notre site web<\/h5>\n<p>Le traitement des donn\u00e9es sur ce site est effectu\u00e9 par le Centre Europ\u00e9en Schengen a.s.b.l. en tant qu\u2019exploitant du site. Vous trouverez nos coordonn\u00e9es dans la mention l\u00e9gale. Nous avons mis en place des mesures techniques et organisationnelles pour garantir que les r\u00e8gles de protection des donn\u00e9es sont respect\u00e9es, tant par nous-m\u00eames que par nos prestataires externes. Lorsque vous visitez notre site, des donn\u00e9es personnelles sont collect\u00e9es. Les donn\u00e9es personnelles sont toutes les donn\u00e9es permettant de vous identifier personnellement. Une partie de ces donn\u00e9es est fournie directement par vous, par exemple lorsque vous remplissez un formulaire de contact.<\/p>\n<p>D&rsquo;autres donn\u00e9es sont collect\u00e9es automatiquement par nos syst\u00e8mes informatiques lors de votre visite. Il s\u2019agit principalement de donn\u00e9es techniques (navigateur, syst\u00e8me d\u2019exploitation, heure d\u2019acc\u00e8s, etc.). La collecte de ces donn\u00e9es se fait automatiquement d\u00e8s que vous acc\u00e9dez \u00e0 notre site. Certaines donn\u00e9es sont utilis\u00e9es pour garantir le bon fonctionnement technique du site. D\u2019autres peuvent \u00eatre utilis\u00e9es \u00e0 des fins d\u2019analyse statistique de votre comportement de navigation. Vous avez \u00e0 tout moment le droit d\u2019obtenir gratuitement des informations sur l\u2019origine, le destinataire et la finalit\u00e9 de vos donn\u00e9es personnelles stock\u00e9es. Vous avez \u00e9galement le droit de demander la rectification, le blocage ou la suppression de ces donn\u00e9es. Pour cela, vous pouvez nous contacter \u00e0 tout moment \u00e0 l\u2019adresse indiqu\u00e9e dans la mention l\u00e9gale. Vous avez \u00e9galement le droit d\u2019introduire une r\u00e9clamation aupr\u00e8s de l\u2019autorit\u00e9 de contr\u00f4le comp\u00e9tente.<\/p>\n<h5>Outils d\u2019analyse et outils tiers<\/h5>\n<p>Lors de votre visite sur notre site web, votre comportement de navigation peut \u00eatre \u00e9valu\u00e9 \u00e0 des fins statistiques. Cela se fait principalement au moyen de cookies et de programmes d\u2019analyse dits \u00ab outils d\u2019analyse \u00bb. Les cookies ne peuvent pas ex\u00e9cuter de programmes ou transmettre de virus \u00e0 votre ordinateur. Ils ont pour but de rendre l\u2019offre Internet plus conviviale, plus efficace et plus s\u00fbre. L\u2019analyse de votre comportement de navigation est g\u00e9n\u00e9ralement anonyme ; elle ne permet pas de vous identifier directement. Vous pouvez vous opposer \u00e0 cette analyse ou l\u2019emp\u00eacher en d\u00e9sactivant certains outils. Vous trouverez des informations d\u00e9taill\u00e9es dans la suite de cette politique de confidentialit\u00e9.<\/p>\n<h4><strong>Informations et obligations l\u00e9gales<\/strong><\/h4>\n<p>&nbsp;<\/p>\n<h5>D\u00e9claration de confidentialit\u00e9<\/h5>\n<p>En tant qu\u2019exploitant de ce site, le Centre Europ\u00e9en Schengen a.s.b.l. prend tr\u00e8s au s\u00e9rieux la protection de vos donn\u00e9es personnelles. Nous traitons vos donn\u00e9es de mani\u00e8re confidentielle et conform\u00e9ment aux r\u00e9glementations l\u00e9gales en vigueur, notamment le R\u00e8glement g\u00e9n\u00e9ral sur la protection des donn\u00e9es (RGPD) de l\u2019Union europ\u00e9enne et la loi luxembourgeoise du 2 ao\u00fbt 2002 relative \u00e0 la protection des personnes \u00e0 l\u2019\u00e9gard du traitement des donn\u00e9es \u00e0 caract\u00e8re personnel. Des mesures techniques et organisationnelles ont \u00e9t\u00e9 mises en place pour assurer le respect de la protection des donn\u00e9es, tant par nos \u00e9quipes que par nos prestataires externes.<\/p>\n<p>Nous pouvons faire appel \u00e0 des entreprises ou \u00e0 des personnes tierces pour faciliter nos services, ex\u00e9cuter certaines prestations en notre nom, ou pour vous fournir un service sp\u00e9cifique. Les tiers ayant acc\u00e8s \u00e0 vos donn\u00e9es dans le cadre d\u2019un traitement sous contrat sont \u00e9galement tenus de respecter les r\u00e8gles de confidentialit\u00e9. Nous pouvons \u00eatre l\u00e9galement tenus de transmettre vos donn\u00e9es \u00e0 des tribunaux, autorit\u00e9s administratives ou autres instances officielles. En dehors de ces cas, vos donn\u00e9es ne seront jamais communiqu\u00e9es \u00e0 des tiers. Nous ne vendons jamais vos donn\u00e9es.<\/p>\n<p>Lorsque vous utilisez notre site, diff\u00e9rentes donn\u00e9es personnelles peuvent \u00eatre collect\u00e9es. Les donn\u00e9es personnelles sont toutes les informations permettant de vous identifier. La l\u00e9gislation impose que ces donn\u00e9es soient trait\u00e9es de mani\u00e8re licite, loyale et transparente. Cette politique de confidentialit\u00e9 explique quelles donn\u00e9es nous collectons, pourquoi nous les utilisons, et de quelle mani\u00e8re. Veuillez noter que la transmission de donn\u00e9es via Internet (par exemple par e-mail) peut pr\u00e9senter des failles de s\u00e9curit\u00e9. Une protection compl\u00e8te contre l\u2019acc\u00e8s par des tiers n\u2019est pas possible.<\/p>\n<h5>Contact du responsable du traitement<\/h5>\n<p>Centre Europ\u00e9en Schengen a.s.b.l.<br \/>\n6, rue Robert Goebbels<br \/>\nL-5444 Schengen<br \/>\nGrand-Duch\u00e9 de Luxembourg<br \/>\nTel.: +352 26 66 58 10<\/p>\n<p>Autres informations dans la <a href=\"https:\/\/www.visitschengen.lu\/fr\/mention-legale\/\"><span style=\"text-decoration: underline;\">mention l\u00e9gale<\/span><\/a> de ce site.<\/p>\n<h5>R\u00e9vocation de votre consentement au traitement des donn\u00e9es<\/h5>\n<p>Certaines op\u00e9rations de traitement des donn\u00e9es ne sont possibles qu\u2019avec votre consentement explicite. Vous pouvez r\u00e9voquer \u00e0 tout moment un consentement d\u00e9j\u00e0 donn\u00e9. Un simple message par e-mail suffit. La lic\u00e9it\u00e9 du traitement effectu\u00e9 jusqu\u2019\u00e0 la r\u00e9vocation demeure inchang\u00e9e.<\/p>\n<h5>Droit de recours aupr\u00e8s de l\u2019autorit\u00e9 de contr\u00f4le comp\u00e9tente<\/h5>\n<p>En cas de violation de la l\u00e9gislation sur la protection des donn\u00e9es, vous avez le droit de d\u00e9poser une plainte aupr\u00e8s de l\u2019autorit\u00e9 comp\u00e9tente. L\u2019autorit\u00e9 de contr\u00f4le en mati\u00e8re de protection des donn\u00e9es au Luxembourg est la Commission nationale pour la protection des donn\u00e9es (CNPD). Coordonn\u00e9es : <a href=\"https:\/\/cnpd.public.lu\/fr\/support\/contact.html\" target=\"_blank\" rel=\"noopener\">https:\/\/cnpd.public.lu\/fr\/support\/contact.html<\/a><\/p>\n<h5>Droit \u00e0 la portabilit\u00e9 des donn\u00e9es<\/h5>\n<p>Vous avez le droit de recevoir les donn\u00e9es que nous traitons de mani\u00e8re automatis\u00e9e, sur la base de votre consentement ou en ex\u00e9cution d\u2019un contrat, dans un format structur\u00e9, couramment utilis\u00e9 et lisible par machine. Vous pouvez \u00e9galement demander le transfert direct de ces donn\u00e9es \u00e0 un autre responsable du traitement, dans la mesure o\u00f9 cela est techniquement possible.<\/p>\n<h5>Chiffrement SSL ou TLS<\/h5>\n<p>Pour des raisons de s\u00e9curit\u00e9 et afin de prot\u00e9ger la transmission de contenus confidentiels (comme les demandes que vous nous adressez en tant qu\u2019exploitant du site), ce site utilise un chiffrement SSL ou TLS. Vous pouvez reconna\u00eetre une connexion chiffr\u00e9e au pr\u00e9fixe \u00ab https:\/\/ \u00bb dans la barre d\u2019adresse de votre navigateur et au symbole de cadenas. Lorsque le chiffrement SSL\/TLS est activ\u00e9, les donn\u00e9es que vous nous transmettez ne peuvent pas \u00eatre lues par des tiers.<\/p>\n<h5>Droit d\u2019acc\u00e8s, de rectification, de blocage et de suppression<\/h5>\n<p>Dans le cadre des dispositions l\u00e9gales applicables, vous avez \u00e0 tout moment le droit d\u2019obtenir gratuitement des informations sur vos donn\u00e9es personnelles stock\u00e9es, leur origine, leurs destinataires ainsi que la finalit\u00e9 de leur traitement. Vous avez \u00e9galement le droit de demander la rectification, le blocage ou la suppression de ces donn\u00e9es. Pour toute question concernant vos donn\u00e9es personnelles, vous pouvez nous contacter \u00e0 tout moment via les coordonn\u00e9es figurant dans la mention l\u00e9gale de ce site.<\/p>\n<h5>Opposition aux e-mails publicitaires<\/h5>\n<p>Nous nous opposons formellement \u00e0 l\u2019utilisation des coordonn\u00e9es publi\u00e9es dans le cadre des obligations l\u00e9gales pour l\u2019envoi de publicit\u00e9s ou de documents d\u2019information non sollicit\u00e9s. Les exploitants du site se r\u00e9servent express\u00e9ment le droit d\u2019engager des actions en justice en cas d\u2019envoi non sollicit\u00e9 d\u2019informations publicitaires, par exemple sous forme de spams.<\/p>\n<h4><strong>Collecte de donn\u00e9es sur notre site web<\/strong><\/h4>\n<p>&nbsp;<\/p>\n<h5>Cookies<\/h5>\n<p>Le site du Centre Europ\u00e9en Schengen a.s.b.l. utilise ce que l\u2019on appelle des cookies. Les cookies ne causent aucun dommage \u00e0 votre appareil et ne contiennent aucun virus. Ils servent \u00e0 rendre notre site plus convivial, plus efficace et plus s\u00fbr. Les cookies sont de petits fichiers texte enregistr\u00e9s sur votre appareil par votre navigateur. La plupart des cookies que nous utilisons sont des cookies de session, qui sont automatiquement supprim\u00e9s \u00e0 la fin de votre visite. D\u2019autres cookies restent enregistr\u00e9s sur votre appareil jusqu\u2019\u00e0 ce que vous les supprimiez manuellement. Ces cookies nous permettent de reconna\u00eetre votre navigateur lors de votre prochaine visite.<\/p>\n<p>Vous pouvez configurer votre navigateur pour \u00eatre inform\u00e9e de l\u2019utilisation de cookies, les autoriser au cas par cas, les refuser de mani\u00e8re g\u00e9n\u00e9rale ou activer la suppression automatique \u00e0 la fermeture du navigateur. En d\u00e9sactivant les cookies, certaines fonctionnalit\u00e9s du site peuvent \u00eatre limit\u00e9es. Les cookies n\u00e9cessaires \u00e0 l\u2019ex\u00e9cution de processus de communication \u00e9lectronique ou \u00e0 certaines fonctions que vous souhaitez utiliser (ex. : panier d\u2019achat) sont enregistr\u00e9s sur la base de l\u2019art. 6, al. 1, lit. f du RGPD. L\u2019exploitant du site a un int\u00e9r\u00eat l\u00e9gitime \u00e0 stocker des cookies pour assurer un service techniquement irr\u00e9prochable et optimis\u00e9. Les autres cookies (ex. : ceux utilis\u00e9s pour analyser votre comportement de navigation) sont trait\u00e9s s\u00e9par\u00e9ment dans cette politique de confidentialit\u00e9.<\/p>\n<h5>Fichiers journaux du serveur<\/h5>\n<p>Lorsque vous utilisez ce site \u00e0 des fins purement informatives, c\u2019est-\u00e0-dire sans vous inscrire ou nous transmettre d\u2019autres informations, nous collectons uniquement les donn\u00e9es que votre navigateur envoie automatiquement \u00e0 notre serveur. Il s\u2019agit des fichiers journaux du serveur. Les donn\u00e9es suivantes sont collect\u00e9es automatiquement : type et version du navigateur, syst\u00e8me d\u2019exploitation utilis\u00e9, URL de provenance (Referrer), nom d\u2019h\u00f4te de l\u2019ordinateur acc\u00e9dant, heure de la requ\u00eate serveur, adresse IP. Ces donn\u00e9es ne sont pas crois\u00e9es avec d\u2019autres sources de donn\u00e9es. La base juridique du traitement de ces donn\u00e9es est l\u2019art. 6, al. 1, lit. f du RGPD, qui autorise le traitement de donn\u00e9es pour l\u2019ex\u00e9cution d\u2019un contrat ou de mesures pr\u00e9contractuelles.<\/p>\n<h5>Formulaire de contact<\/h5>\n<p>Lorsque vous nous contactez par e-mail, les informations que vous nous transmettez, y compris vos coordonn\u00e9es, sont enregistr\u00e9es par nos soins dans le but de traiter votre demande et pour d\u2019\u00e9ventuelles questions compl\u00e9mentaires. Ces donn\u00e9es ne sont pas transmises sans votre consentement. Le traitement de vos donn\u00e9es repose donc exclusivement sur votre consentement (art. 6, al. 1, lit. a du RGPD). Vous pouvez \u00e0 tout moment r\u00e9voquer ce consentement. Un simple message par e-mail suffit. La l\u00e9galit\u00e9 du traitement effectu\u00e9 jusqu\u2019\u00e0 la r\u00e9vocation reste inchang\u00e9e. Les donn\u00e9es que vous nous communiquez dans le cadre de votre demande restent enregistr\u00e9es chez nous jusqu\u2019\u00e0 ce que vous nous demandiez leur suppression, r\u00e9voquiez votre consentement ou que la finalit\u00e9 de leur conservation n\u2019ait plus lieu d\u2019\u00eatre (par exemple apr\u00e8s traitement complet de votre demande). Les dispositions l\u00e9gales obligatoires \u2013 en particulier les d\u00e9lais de conservation \u2013 restent inchang\u00e9es.<\/p>\n<h4><strong>Plugins et outils externes<\/strong><\/h4>\n<p>&nbsp;<\/p>\n<h5><strong>YouTube<\/strong><\/h5>\n<p>Ce site utilise des plugins du service YouTube, exploit\u00e9 par YouTube LLC, 901 Cherry Ave, San Bruno, CA 94066, USA. Lorsque vous visitez une page contenant un plugin YouTube, une connexion est \u00e9tablie avec les serveurs de YouTube, et ces derniers sont inform\u00e9s des pages que vous consultez. Si vous \u00eates connect\u00e9\u00b7e \u00e0 votre compte YouTube, YouTube peut associer directement votre comportement de navigation \u00e0 votre profil personnel. Vous pouvez \u00e9viter cela en vous d\u00e9connectant de votre compte YouTube. L\u2019utilisation de YouTube se fait dans l\u2019int\u00e9r\u00eat d\u2019une pr\u00e9sentation attractive de nos contenus en ligne (int\u00e9r\u00eat l\u00e9gitime au sens de l\u2019art. 6, al. 1, lit. f du RGPD). Vous trouverez plus d\u2019informations sur le traitement des donn\u00e9es utilisateur dans la politique de confidentialit\u00e9 de YouTube : <a href=\"https:\/\/www.google.de\/intl\/fr\/policies\/privacy\" target=\"_blank\" rel=\"noopener\">https:\/\/www.google.de\/intl\/fr\/policies\/privacy<\/a><br \/>\nOpt-out : <a href=\"https:\/\/adssettings.google.com\/authenticated\" target=\"_blank\" rel=\"noopener\">https:\/\/adssettings.google.com\/authenticated<\/a><\/p>\n<h5><strong>Google Web Fonts<\/strong><\/h5>\n<p>Ce site utilise des polices web fournies par Google pour une pr\u00e9sentation homog\u00e8ne des textes. Pour cela, votre navigateur doit \u00e9tablir une connexion avec les serveurs de Google. Google saura ainsi que votre adresse IP a acc\u00e9d\u00e9 \u00e0 notre site. L\u2019utilisation de Google Web Fonts se base sur notre int\u00e9r\u00eat l\u00e9gitime (art. 6, al. 1, lit. f du RGPD) \u00e0 proposer une pr\u00e9sentation coh\u00e9rente et agr\u00e9able de nos services. Si votre navigateur ne prend pas en charge les polices web, une police standard sera utilis\u00e9e.<br \/>\nEn savoir plus : <a href=\"https:\/\/developers.google.com\/fonts\/faq\" target=\"_blank\" rel=\"noopener\">https:\/\/developers.google.com\/fonts\/faq<\/a><br \/>\nPolitique de confidentialit\u00e9 : <a href=\"https:\/\/www.google.com\/policies\/privacy\" target=\"_blank\" rel=\"noopener\">https:\/\/www.google.com\/policies\/privacy<\/a><br \/>\nOpt-out : <a href=\"https:\/\/adssettings.google.com\/authenticated\" target=\"_blank\" rel=\"noopener\">https:\/\/adssettings.google.com\/authenticated<\/a><\/p>\n<h5><strong>Google Maps<\/strong><\/h5>\n<p>Ce site utilise le service de cartographie Google Maps via une API. Fournisseur : Google Inc., 1600 Amphitheatre Parkway, Mountain View, CA 94043, USA. Pour utiliser Google Maps, il est n\u00e9cessaire d\u2019enregistrer votre adresse IP, g\u00e9n\u00e9ralement sur un serveur situ\u00e9 aux \u00c9tats-Unis. Nous n\u2019avons aucune influence sur ce transfert de donn\u00e9es. L\u2019utilisation de Google Maps a pour but de proposer une pr\u00e9sentation attractive de nos offres en ligne et de faciliter la localisation des lieux mentionn\u00e9s. Cela constitue un int\u00e9r\u00eat l\u00e9gitime au sens de l\u2019art. 6, al. 1, lit. f du RGPD. En savoir plus : <a href=\"https:\/\/www.google.de\/intl\/fr\/policies\/privacy\/\">https:\/\/www.google.de\/intl\/fr\/policies\/privacy\/<\/a><\/p>\n<h5><strong>Google reCAPTCHA<\/strong><\/h5>\n<p>Nous utilisons \u00ab Google reCAPTCHA \u00bb (ci-apr\u00e8s \u00ab reCAPTCHA \u00bb) sur nos sites Web. Le fournisseur est Google Inc., 1600 Amphitheatre Parkway, Mountain View, CA 94043, \u00c9tats-Unis (\u00ab Google \u00bb).<br \/>\nreCAPTCHA est utilis\u00e9 pour v\u00e9rifier si les donn\u00e9es saisies sur nos sites Web (par exemple dans un formulaire de contact) sont saisies par un humain ou par un programme automatis\u00e9. Pour ce faire, reCAPTCHA a analys\u00e9 le comportement du visiteur du site Web en fonction de diverses caract\u00e9ristiques. Cette analyse d\u00e9marre automatiquement d\u00e8s que le visiteur du site Web entre sur le site. Pour l&rsquo;analyse, reCAPTCHA \u00e9value diverses informations (par exemple, l&rsquo;adresse IP, la dur\u00e9e pendant laquelle le visiteur du site Web reste sur le site Web ou les mouvements de souris achet\u00e9s par l&rsquo;utilisateur). Les donn\u00e9es collect\u00e9es lors de l&rsquo;analyse sont transmises \u00e0 Google. Les analyses reCAPTCHA s&rsquo;ex\u00e9cutent enti\u00e8rement en arri\u00e8re-plan. Les visiteurs du site Web ne sont pas inform\u00e9s qu\u2019une analyse est en cours. Le traitement des donn\u00e9es est effectu\u00e9 sur la base de l&rsquo;art. 6 (1) (f) du RGPD. L&rsquo;exploitant du site Web a un int\u00e9r\u00eat l\u00e9gitime \u00e0 prot\u00e9ger ses offres Web contre la livraison automatis\u00e9e abusive et contre le SPAM. Pour plus d&rsquo;informations sur Google reCAPTCHA et la politique de confidentialit\u00e9 de Google, veuillez consulter les liens suivants : <a href=\"https:\/\/policies.google.com\/privacy?hl=fr\">https:\/\/policies.google.com\/privacy?hl=fr<\/a> et <a href=\"https:\/\/cloud.google.com\/security\/products\/recaptcha?hl=fr\">https:\/\/cloud.google.com\/security\/products\/recaptcha?hl=fr<\/a>.<\/p>\n<\/div>\n<p>&nbsp;<\/p>\n<\/div>\n<p>&nbsp;<\/p>\n<\/div>\n<p>&nbsp;<\/p>\n<h5><strong>Cookies<\/strong><\/h5>\n<p>&nbsp;<\/p>\n\t\t\t\t\t\t\t\t<\/div>\n\t\t\t\t<\/div>\n\t\t\t\t<div class=\"elementor-element elementor-element-1f4c2e2 elementor-widget elementor-widget-shortcode\" data-id=\"1f4c2e2\" data-element_type=\"widget\" data-e-type=\"widget\" data-widget_type=\"shortcode.default\">\n\t\t\t\t<div class=\"elementor-widget-container\">\n\t\t\t\t\t\t\t<div class=\"elementor-shortcode\"><script\n\t\ttype=\"text\/javascript\"\n\t\tid=\"CookieDeclaration\"\n\t\tsrc=\"https:\/\/consent.cookiebot.com\/4a1f8db8-fea6-4c06-b903-e6133f67afc9\/cd.js\"\n\t\t\tdata-culture=\"FR\"\n\t\t><\/script>\n<\/div>\n\t\t\t\t\t\t<\/div>\n\t\t\t\t<\/div>\n\t\t<div class=\"elementor-element elementor-element-a598576 e-flex e-con-boxed e-con e-parent\" data-id=\"a598576\" data-element_type=\"container\" data-e-type=\"container\">\n\t\t\t\t\t<div class=\"e-con-inner\">\n\t\t<div class=\"elementor-element elementor-element-bab5bda e-con-full e-flex e-con e-child\" data-id=\"bab5bda\" data-element_type=\"container\" data-e-type=\"container\">\n\t\t\t\t<div class=\"elementor-element elementor-element-e4f9478 elementor-align-center elementor-widget elementor-widget-button\" data-id=\"e4f9478\" data-element_type=\"widget\" data-e-type=\"widget\" data-widget_type=\"button.default\">\n\t\t\t\t<div class=\"elementor-widget-container\">\n\t\t\t\t\t\t\t\t\t<div class=\"elementor-button-wrapper\">\n\t\t\t\t\t<a class=\"elementor-button elementor-button-link elementor-size-sm\" href=\"https:\/\/www.visitschengen.lu\/fr\/\">\n\t\t\t\t\t\t<span class=\"elementor-button-content-wrapper\">\n\t\t\t\t\t\t\t\t\t<span class=\"elementor-button-text\">Retour a l'accueil<\/span>\n\t\t\t\t\t<\/span>\n\t\t\t\t\t<\/a>\n\t\t\t\t<\/div>\n\t\t\t\t\t\t\t\t<\/div>\n\t\t\t\t<\/div>\n\t\t\t\t<\/div>\n\t\t\t\t\t<\/div>\n\t\t\t\t<\/div>\n\t\t\t\t\t<\/div>\n\t\t<\/div>\n\t\t\t\t\t<\/div>\n\t\t<\/section>\n\t\t\t\t<\/div>\n\t\t","protected":false},"excerpt":{"rendered":"<p>Nous attachons une grande importance \u00e0 la confidentialit\u00e9 et \u00e0 la protection de vos donn\u00e9es personnelles. Cette politique vous informe simplement sur la collecte, le traitement et l\u2019utilisation de vos donn\u00e9es lors de la visite de notre site web. Politique de confidentialit\u00e9 \u2013 Aper\u00e7u Prises de vue photo et vid\u00e9o lors des \u00e9v\u00e9nements Lors des [&hellip;]<\/p>\n","protected":false},"author":1,"featured_media":0,"parent":0,"menu_order":0,"comment_status":"closed","ping_status":"closed","template":"","meta":{"footnotes":""},"class_list":["post-5636","page","type-page","status-publish","hentry"],"_links":{"self":[{"href":"https:\/\/www.visitschengen.lu\/fr\/wp-json\/wp\/v2\/pages\/5636","targetHints":{"allow":["GET"]}}],"collection":[{"href":"https:\/\/www.visitschengen.lu\/fr\/wp-json\/wp\/v2\/pages"}],"about":[{"href":"https:\/\/www.visitschengen.lu\/fr\/wp-json\/wp\/v2\/types\/page"}],"author":[{"embeddable":true,"href":"https:\/\/www.visitschengen.lu\/fr\/wp-json\/wp\/v2\/users\/1"}],"replies":[{"embeddable":true,"href":"https:\/\/www.visitschengen.lu\/fr\/wp-json\/wp\/v2\/comments?post=5636"}],"version-history":[{"count":66,"href":"https:\/\/www.visitschengen.lu\/fr\/wp-json\/wp\/v2\/pages\/5636\/revisions"}],"predecessor-version":[{"id":11881,"href":"https:\/\/www.visitschengen.lu\/fr\/wp-json\/wp\/v2\/pages\/5636\/revisions\/11881"}],"wp:attachment":[{"href":"https:\/\/www.visitschengen.lu\/fr\/wp-json\/wp\/v2\/media?parent=5636"}],"curies":[{"name":"wp","href":"https:\/\/api.w.org\/{rel}","templated":true}]}}