{"id":5631,"date":"2025-02-06T10:28:34","date_gmt":"2025-02-06T09:28:34","guid":{"rendered":"https:\/\/visitschengen.lu\/mention-legale\/"},"modified":"2025-08-14T09:21:16","modified_gmt":"2025-08-14T07:21:16","slug":"mention-legale","status":"publish","type":"page","link":"https:\/\/www.visitschengen.lu\/fr\/mention-legale\/","title":{"rendered":"Mention l\u00e9gale"},"content":{"rendered":"\t\t<div data-elementor-type=\"wp-page\" data-elementor-id=\"5631\" class=\"elementor elementor-5631 elementor-1039\" data-elementor-post-type=\"page\">\n\t\t\t\t\t\t<section class=\"elementor-section elementor-top-section elementor-element elementor-element-554923f8 elementor-section-boxed elementor-section-height-default elementor-section-height-default\" data-id=\"554923f8\" data-element_type=\"section\" data-e-type=\"section\" data-settings=\"{&quot;background_background&quot;:&quot;classic&quot;}\">\n\t\t\t\t\t\t<div class=\"elementor-container elementor-column-gap-default\">\n\t\t\t\t\t<div class=\"elementor-column elementor-col-100 elementor-top-column elementor-element elementor-element-7d8e36e2\" data-id=\"7d8e36e2\" data-element_type=\"column\" data-e-type=\"column\">\n\t\t\t<div class=\"elementor-widget-wrap elementor-element-populated\">\n\t\t\t\t\t\t\t<\/div>\n\t\t<\/div>\n\t\t\t\t\t<\/div>\n\t\t<\/section>\n\t\t\t\t<section class=\"elementor-section elementor-top-section elementor-element elementor-element-8020986 elementor-section-boxed elementor-section-height-default elementor-section-height-default\" data-id=\"8020986\" data-element_type=\"section\" data-e-type=\"section\" data-settings=\"{&quot;background_background&quot;:&quot;classic&quot;}\">\n\t\t\t\t\t\t<div class=\"elementor-container elementor-column-gap-default\">\n\t\t\t\t\t<div class=\"elementor-column elementor-col-100 elementor-top-column elementor-element elementor-element-1740ce9\" data-id=\"1740ce9\" data-element_type=\"column\" data-e-type=\"column\">\n\t\t\t<div class=\"elementor-widget-wrap elementor-element-populated\">\n\t\t\t\t\t\t<div class=\"elementor-element elementor-element-1b4ae5c elementor-widget elementor-widget-text-editor\" data-id=\"1b4ae5c\" data-element_type=\"widget\" data-e-type=\"widget\" data-widget_type=\"text-editor.default\">\n\t\t\t\t<div class=\"elementor-widget-container\">\n\t\t\t\t\t\t\t\t\t<p>Centre Europ\u00e9en Schengen a.s.b.l.<br \/>6, rue Robert Goebbels<br \/>L-5444 Schengen<br \/>Grand-Duch\u00e9 de Luxembourg<br \/>+352 26 66 58 10<br \/><a href=\"mailto:info@visitschengen.lu\"><span style=\"text-decoration: underline;\">info@visitschengen.lu<\/span><\/a><\/p><p>Responsable du contenu\u00a0: Centre Europ\u00e9en Schengen a.s.b.l.<\/p><p>\u00a0<\/p><h4>Avis de responsabilit\u00e9<\/h4><p>Malgr\u00e9 un contr\u00f4le minutieux du contenu, nous d\u00e9clinons toute responsabilit\u00e9 quant au contenu des liens externes. Les exploitants des pages li\u00e9es sont seuls responsables de leur contenu. Les contenus ill\u00e9gaux n\u2019\u00e9taient pas reconnaissables au moment de la cr\u00e9ation des liens. Un contr\u00f4le permanent du contenu des pages li\u00e9es n\u2019est pas possible. Nous supprimerons ces liens d\u00e8s que nous aurons connaissance d\u2019une violation de la loi.<\/p><h4>Copyright<\/h4><p>Le contenu et les \u0153uvres de ces pages cr\u00e9\u00e9es par les exploitants du site sont soumis au droit d\u2019auteur. Les t\u00e9l\u00e9chargements et copies de ce site ne sont pas autoris\u00e9s sans autorisation expresse. Tous les noms, termes, signes et graphiques utilis\u00e9s ici peuvent \u00eatre des marques de commerce ou des marques de commerce en possession de leurs propri\u00e9taires l\u00e9gaux. Les droits de toutes les marques et marques d\u00e9pos\u00e9es mentionn\u00e9es et utilis\u00e9es appartiennent exclusivement \u00e0 leurs propri\u00e9taires. Si vous \u00eates attentif \u00e0 une infraction \u00e0 la loi, nous vous demandons une r\u00e9f\u00e9rence appropri\u00e9e.<\/p><h4>Photo credits<\/h4><p>Page d\u2019accueil, images de titre :<br data-start=\"254\" data-end=\"257\" data-is-only-node=\"\" \/>Avec l\u2019aimable autorisation de Migliore+Servetto \/ Andrea Martiradonna, <span style=\"text-decoration: underline;\"><a href=\"mailto:press@miglioreservetto.com\">press@miglioreservetto.com<\/a>, <\/span><a href=\"https:\/\/www.miglioreservetto.com\" target=\"_blank\" rel=\"noopener\"><span style=\"text-decoration: underline;\">www.miglioreservetto.com<\/span><\/a><\/p><h4>Conception de sites web et programmation<\/h4><p>Claudia Eustergerling Design s\u00e0rl, <span style=\"text-decoration: underline;\"><a href=\"mailto:start@eustergerling.lu\">start@eustergerling.lu<\/a>, <\/span><a href=\"https:\/\/www.eustergerling.lu\" target=\"_blank\" rel=\"noopener\"><span style=\"text-decoration: underline;\">www.eustergerling.lu<\/span><\/a><\/p>\t\t\t\t\t\t\t\t<\/div>\n\t\t\t\t<\/div>\n\t\t\t\t\t<\/div>\n\t\t<\/div>\n\t\t\t\t\t<\/div>\n\t\t<\/section>\n\t\t<div class=\"elementor-element elementor-element-c171298 e-flex e-con-boxed e-con e-parent\" data-id=\"c171298\" data-element_type=\"container\" data-e-type=\"container\">\n\t\t\t\t\t<div class=\"e-con-inner\">\n\t\t<div class=\"elementor-element elementor-element-2272493 e-con-full e-flex e-con e-child\" data-id=\"2272493\" data-element_type=\"container\" data-e-type=\"container\">\n\t\t<div class=\"elementor-element elementor-element-df3640e e-con-full e-flex e-con e-child\" data-id=\"df3640e\" data-element_type=\"container\" data-e-type=\"container\">\n\t\t\t\t<div class=\"elementor-element elementor-element-1404a2b elementor-align-center elementor-widget elementor-widget-button\" data-id=\"1404a2b\" data-element_type=\"widget\" data-e-type=\"widget\" data-widget_type=\"button.default\">\n\t\t\t\t<div class=\"elementor-widget-container\">\n\t\t\t\t\t\t\t\t\t<div class=\"elementor-button-wrapper\">\n\t\t\t\t\t<a class=\"elementor-button elementor-button-link elementor-size-sm\" href=\"https:\/\/www.visitschengen.lu\/fr\/\">\n\t\t\t\t\t\t<span class=\"elementor-button-content-wrapper\">\n\t\t\t\t\t\t\t\t\t<span class=\"elementor-button-text\">Retour \u00e0 l\u2019accueil<\/span>\n\t\t\t\t\t<\/span>\n\t\t\t\t\t<\/a>\n\t\t\t\t<\/div>\n\t\t\t\t\t\t\t\t<\/div>\n\t\t\t\t<\/div>\n\t\t\t\t<\/div>\n\t\t\t\t<\/div>\n\t\t\t\t\t<\/div>\n\t\t\t\t<\/div>\n\t\t\t\t<\/div>\n\t\t","protected":false},"excerpt":{"rendered":"<p>Centre Europ\u00e9en Schengen a.s.b.l.6, rue Robert GoebbelsL-5444 SchengenGrand-Duch\u00e9 de Luxembourg+352 26 66 58 10info@visitschengen.lu Responsable du contenu\u00a0: Centre Europ\u00e9en Schengen a.s.b.l. \u00a0 Avis de responsabilit\u00e9 Malgr\u00e9 un contr\u00f4le minutieux du contenu, nous d\u00e9clinons toute responsabilit\u00e9 quant au contenu des liens externes. Les exploitants des pages li\u00e9es sont seuls responsables de leur contenu. Les contenus ill\u00e9gaux [&hellip;]<\/p>\n","protected":false},"author":1,"featured_media":0,"parent":0,"menu_order":0,"comment_status":"closed","ping_status":"closed","template":"","meta":{"footnotes":""},"class_list":["post-5631","page","type-page","status-publish","hentry"],"_links":{"self":[{"href":"https:\/\/www.visitschengen.lu\/fr\/wp-json\/wp\/v2\/pages\/5631","targetHints":{"allow":["GET"]}}],"collection":[{"href":"https:\/\/www.visitschengen.lu\/fr\/wp-json\/wp\/v2\/pages"}],"about":[{"href":"https:\/\/www.visitschengen.lu\/fr\/wp-json\/wp\/v2\/types\/page"}],"author":[{"embeddable":true,"href":"https:\/\/www.visitschengen.lu\/fr\/wp-json\/wp\/v2\/users\/1"}],"replies":[{"embeddable":true,"href":"https:\/\/www.visitschengen.lu\/fr\/wp-json\/wp\/v2\/comments?post=5631"}],"version-history":[{"count":20,"href":"https:\/\/www.visitschengen.lu\/fr\/wp-json\/wp\/v2\/pages\/5631\/revisions"}],"predecessor-version":[{"id":11866,"href":"https:\/\/www.visitschengen.lu\/fr\/wp-json\/wp\/v2\/pages\/5631\/revisions\/11866"}],"wp:attachment":[{"href":"https:\/\/www.visitschengen.lu\/fr\/wp-json\/wp\/v2\/media?parent=5631"}],"curies":[{"name":"wp","href":"https:\/\/api.w.org\/{rel}","templated":true}]}}