{"id":5556,"date":"2025-02-06T10:29:35","date_gmt":"2025-02-06T09:29:35","guid":{"rendered":"https:\/\/visitschengen.lu\/datenschutzerklaerung\/"},"modified":"2025-08-14T09:30:54","modified_gmt":"2025-08-14T07:30:54","slug":"datenschutzerklaerung","status":"publish","type":"page","link":"https:\/\/www.visitschengen.lu\/de\/datenschutzerklaerung\/","title":{"rendered":"Datenschutzerkl\u00e4rung"},"content":{"rendered":"\t\t<div data-elementor-type=\"wp-page\" data-elementor-id=\"5556\" class=\"elementor elementor-5556 elementor-1041\" data-elementor-post-type=\"page\">\n\t\t\t\t\t\t<section class=\"elementor-section elementor-top-section elementor-element elementor-element-384c5f elementor-section-boxed elementor-section-height-default elementor-section-height-default\" data-id=\"384c5f\" data-element_type=\"section\" data-e-type=\"section\" data-settings=\"{&quot;background_background&quot;:&quot;classic&quot;}\">\n\t\t\t\t\t\t<div class=\"elementor-container elementor-column-gap-default\">\n\t\t\t\t\t<div class=\"elementor-column elementor-col-100 elementor-top-column elementor-element elementor-element-1159409e\" data-id=\"1159409e\" data-element_type=\"column\" data-e-type=\"column\">\n\t\t\t<div class=\"elementor-widget-wrap elementor-element-populated\">\n\t\t\t\t\t\t\t<\/div>\n\t\t<\/div>\n\t\t\t\t\t<\/div>\n\t\t<\/section>\n\t\t\t\t<section class=\"elementor-section elementor-top-section elementor-element elementor-element-77ad096 elementor-section-boxed elementor-section-height-default elementor-section-height-default\" data-id=\"77ad096\" data-element_type=\"section\" data-e-type=\"section\" data-settings=\"{&quot;background_background&quot;:&quot;classic&quot;}\">\n\t\t\t\t\t\t<div class=\"elementor-container elementor-column-gap-default\">\n\t\t\t\t\t<div class=\"elementor-column elementor-col-100 elementor-top-column elementor-element elementor-element-e89098c\" data-id=\"e89098c\" data-element_type=\"column\" data-e-type=\"column\">\n\t\t\t<div class=\"elementor-widget-wrap elementor-element-populated\">\n\t\t\t\t\t\t<div class=\"elementor-element elementor-element-972b9ed elementor-widget elementor-widget-text-editor\" data-id=\"972b9ed\" data-element_type=\"widget\" data-e-type=\"widget\" data-widget_type=\"text-editor.default\">\n\t\t\t\t<div class=\"elementor-widget-container\">\n\t\t\t\t\t\t\t\t\t<div data-id=\"d9e575c\" data-element_type=\"widget\" data-widget_type=\"text-editor.default\">\n<div>\n<header>\n<h4><strong>Wir legen gro\u00dfen Wert auf Vertraulichkeit und den Schutz Ihrer pers\u00f6nlichen Daten. Gleichzeitig wollen wir Besuchern, Interessenten und Kunden das bestm\u00f6gliche Erlebnis auf unserer Webseite und in unserem Newsletter bieten. Hier geben wir Ihnen einen einfachen \u00dcberblick \u00fcber die Erfassung personenbezogener Daten beim Besuch dieser Website.<\/strong><\/h4>\n<\/header>\n<div>\n<h4><strong>Datenschutz im \u00dcberblick<\/strong><\/h4>\n<h5>Foto- und Videoaufnahmen bei Veranstaltungen<\/h5>\n<p>Bei \u00f6ffentlichen Veranstaltungen der Centre Europ\u00e9en Schengen a.s.b.l. werden Foto- und Videoaufnahmen gemacht. Diese dienen der Dokumentation und \u00d6ffentlichkeitsarbeit (z.\u202fB. Website, soziale Medien, Printprodukte) und k\u00f6nnen ver\u00f6ffentlicht werden. Mit dem Betreten des Veranstaltungsortes erkl\u00e4ren sich die Teilnehmenden mit der Anfertigung und Verwendung solcher Aufnahmen einverstanden. Einzelne W\u00fcnsche k\u00f6nnen vor Ort aus organisatorischen Gr\u00fcnden nicht ber\u00fccksichtigt werden. Die Verarbeitung erfolgt auf Grundlage unseres berechtigten Interesses gem\u00e4\u00df Art.\u202f6 Abs.\u202f1 lit.\u202ff DSGVO.<\/p>\n<h5>Datenerfassung auf unserer Website<\/h5>\n<p>Die Datenverarbeitung auf dieser Website erfolgt durch die Centre Europ\u00e9en Schengen a.s.b.l als Websitebetreiber. Unsere Kontaktdaten k\u00f6nnen Sie dem Impressum dieser Website entnehmen. Wir haben technische und organisatorische Ma\u00dfnahmen getroffen, die sicherstellen, dass die Vorschriften \u00fcber den Datenschutz sowohl von uns als auch von unseren externen Dienstleistern beachtet werden. Beim Besuch unserer Website erfassen wir personenbezogene Daten. Personenbezogene Daten sind alle Daten, mit denen Sie pers\u00f6nlich identifiziert werden k\u00f6nnen. Ihre Daten werden dadurch erhoben, dass Sie uns diese mitteilen. Hierbei kann es sich z.B. um Daten handeln, die Sie in ein Kontaktformular eingeben.<\/p>\n<p>Andere Daten werden automatisch beim Besuch der Website durch unsere IT-Systeme erfasst. Das sind vor allem technische Daten (z.B. Internetbrowser, Betriebssystem oder Uhrzeit des Seitenaufrufs). Die Erfassung dieser Daten erfolgt automatisch, sobald Sie unsere Website betreten. Ein Teil der Daten wird erhoben, um eine fehlerfreie Bereitstellung der Website zu gew\u00e4hrleisten. Andere Daten k\u00f6nnen zur Analyse Ihres Nutzerverhaltens verwendet werden. Sie haben jederzeit das Recht, unentgeltlich Auskunft \u00fcber Herkunft, Empf\u00e4nger und Zweck Ihrer gespeicherten personenbezogenen Daten zu erhalten. Sie haben au\u00dferdem das Recht, die Berichtigung, Sperrung oder L\u00f6schung dieser Daten zu verlangen. Hierzu sowie zu weiteren Fragen zum Thema Datenschutz k\u00f6nnen Sie sich jederzeit unter der im Impressum angegebenen Adresse an uns wenden. Des Weiteren steht Ihnen ein Beschwerderecht bei der zust\u00e4ndigen Aufsichtsbeh\u00f6rde zu.<\/p>\n<h5>Analyse-Tools und Tools von Drittanbietern<\/h5>\n<p>Beim Besuch unserer Website kann Ihr Surf-Verhalten statistisch ausgewertet werden. Das geschieht vor allem mit Cookies und mit sogenannten Analyseprogrammen. Cookies k\u00f6nnen keine Programme ausf\u00fchren oder Viren auf Ihren Computer \u00fcbertragen. Sie dienen dazu, das Internetangebot insgesamt nutzerfreundlicher und effektiver zu machen. Die Analyse Ihres Surf-Verhaltens erfolgt in der Regel anonym; das Surf-Verhalten kann nicht zu Ihnen zur\u00fcckverfolgt werden. Sie k\u00f6nnen dieser Analyse widersprechen oder sie durch die Nichtbenutzung bestimmter Tools verhindern. Detaillierte Informationen dazu finden Sie in der folgenden Datenschutzerkl\u00e4rung.<\/p>\n<h4><b>Hinweise und Pflichtinformationen<\/b><\/h4>\n<p>&nbsp;<\/p>\n<h5>Datenschutzerkl\u00e4rung<\/h5>\n<p>Als Betreiber dieser Seiten nimmt die Centre Europ\u00e9en Schengen a.s.b.l. den Schutz Ihrer pers\u00f6nlichen Daten sehr ernst. Wir behandeln Ihre personenbezogenen Daten vertraulich und entsprechend den gesetzlichen Datenschutzvorschriften sowie dieser Datenschutzerkl\u00e4rung. Als privatrechtliches Unternehmen unterliegen wir den Bestimmungen der europ\u00e4ischen Datenschutzgrundverordnung (DSGVO) und des nationalen Datenschutzgesetzes des Gro\u00dfherzogtums Luxemburg, dem Gesetz vom 2. August 2002 zum Schutz personenbezogener Daten bei der Datenverarbeitung. Wir haben technische und organisatorische Ma\u00dfnahmen getroffen, die sicherstellen, dass die Vorschriften \u00fcber den Datenschutz sowohl von uns als auch von unseren externen Dienstleistern beachtet werden.<\/p>\n<p>Wir k\u00f6nnen Drittunternehmen und Einzelpersonen damit beauftragen, unseren Dienst zu erleichtern, eine Dienstleistung in unserem Namen zu erbringen oder eine Dienstleistung in Bezug auf Sie zu erbringen. Dritte, die als Auftragsdatenverarbeiter Daten erhalten, unterliegen ebenfalls den Datenschutzbestimmungen und vertraglichen Geheimhaltungspflichten. Wir k\u00f6nnen verpflichtet sein, Daten an Gerichte, Beh\u00f6rden oder andere staatliche Stellen weiterzugeben. Ansonsten werden Ihre Daten nicht an Dritte weitergegeben. Wir verkaufen Ihre Daten nicht an Dritte.<\/p>\n<p>Wenn Sie diese Website benutzen, werden verschiedene personenbezogene Daten erhoben. Personenbezogene Daten sind Daten, mit denen Sie pers\u00f6nlich identifiziert werden k\u00f6nnen. Der Gesetzgeber fordert, dass personenbezogene Daten auf rechtm\u00e4\u00dfige Weise, nach Treu und Glauben und in einer f\u00fcr die betroffene Person nachvollziehbaren Weise verarbeitet werden. Die vorliegende Datenschutzerkl\u00e4rung erl\u00e4utert, welche Daten wir erheben und wof\u00fcr wir sie nutzen. Sie erl\u00e4utert auch, wie und zu welchem Zweck das geschieht. Wir weisen darauf hin, dass die Daten\u00fcbertragung im Internet (z.B. bei der Kommunikation per E-Mail) Sicherheitsl\u00fccken aufweisen kann. Ein l\u00fcckenloser Schutz der Daten vor dem Zugriff durch Dritte ist nicht m\u00f6glich.<\/p>\n<h5>Kontakt der verantwortlichen Stelle<\/h5>\n<p>Centre Europ\u00e9en Schengen a.s.b.l.<br \/>\n6, rue Robert Goebbels<br \/>\nL-5444 Schengen<br \/>\nGro\u00dfherzogtum Luxembourg<br \/>\nTel.: +352 26 66 58 10<\/p>\n<p>Weitere Angaben im <a href=\"https:\/\/www.visitschengen.lu\/de\/impressum\/\"><span style=\"text-decoration: underline;\">Impressum<\/span><\/a> dieser Webseite.<\/p>\n<h5>Widerruf Ihrer Einwilligung zur Datenverarbeitung<\/h5>\n<p>Viele Datenverarbeitungsvorg\u00e4nge sind nur mit Ihrer ausdr\u00fccklichen Einwilligung m\u00f6glich. Sie k\u00f6nnen eine bereits erteilte Einwilligung jederzeit widerrufen. Dazu reicht eine formlose Mitteilung per E-Mail an uns. Die Rechtm\u00e4\u00dfigkeit der bis zum Widerruf erfolgten Datenverarbeitung bleibt vom Widerruf unber\u00fchrt.<\/p>\n<h5>Beschwerderecht bei der zust\u00e4ndigen Aufsichtsbeh\u00f6rde<\/h5>\n<p>Im Falle datenschutzrechtlicher Verst\u00f6\u00dfe steht dem Betroffenen ein Beschwerderecht bei der zust\u00e4ndigen Aufsichtsbeh\u00f6rde zu. Zust\u00e4ndige Aufsichtsbeh\u00f6rde in datenschutzrechtlichen Fragen ist die Nationale Kommission f\u00fcr Datenschutz in Luxemburg, die \u201eCommission nationale pour la protection des donn\u00e9es\u201c, deren Kontaktdaten folgendem Link entnommen werden k\u00f6nnen: <a href=\"https:\/\/cnpd.public.lu\/de\/support\/contact.html\" target=\"_blank\" rel=\"noopener\">https:\/\/cnpd.public.lu\/de\/support\/contact.html<\/a><\/p>\n<h5>Recht auf Daten\u00fcbertragbarkeit<\/h5>\n<p>Sie haben das Recht, Daten, die wir auf Grundlage Ihrer Einwilligung oder in Erf\u00fcllung eines Vertrags automatisiert verarbeiten, an sich oder an einen Dritten in einem g\u00e4ngigen, maschinenlesbaren Format aush\u00e4ndigen zu lassen. Sofern Sie die direkte \u00dcbertragung der Daten an einen anderen Verantwortlichen verlangen, erfolgt dies nur, soweit es technisch machbar ist.<\/p>\n<h5>SSL- bzw. TLS-Verschl\u00fcsselung<\/h5>\n<p>Diese Seite nutzt aus Sicherheitsgr\u00fcnden und zum Schutz der \u00dcbertragung vertraulicher Inhalte, wie zum Beispiel Bestellungen oder Anfragen, die Sie an uns als Seitenbetreiber senden, eine SSL-bzw. TLS-Verschl\u00fcsselung. Eine verschl\u00fcsselte Verbindung erkennen Sie daran, dass die Adresszeile des Browsers von \u201ehttp:\/\/\u201d auf \u201ehttps:\/\/\u201d wechselt und an dem Schloss-Symbol in Ihrer Browserzeile. Wenn die SSL- bzw. TLS-Verschl\u00fcsselung aktiviert ist, k\u00f6nnen die Daten, die Sie an uns \u00fcbermitteln, nicht von Dritten mitgelesen werden.<\/p>\n<h5>Auskunft, Sperrung, L\u00f6schung<\/h5>\n<p>Sie haben im Rahmen der geltenden gesetzlichen Bestimmungen jederzeit das Recht auf unentgeltliche Auskunft \u00fcber Ihre gespeicherten personenbezogenen Daten, deren Herkunft und Empf\u00e4nger und den Zweck der Datenverarbeitung und ggf. ein Recht auf Berichtigung, Sperrung oder L\u00f6schung dieser Daten. Hierzu sowie zu weiteren Fragen zum Thema personenbezogene Daten k\u00f6nnen Sie sich jederzeit unter der im Impressum angegebenen Adresse an uns wenden.<\/p>\n<h5>Widerspruch gegen Werbe-Mails<\/h5>\n<p>Der Nutzung von im Rahmen der Impressumspflicht ver\u00f6ffentlichten Kontaktdaten zur \u00dcbersendung von nicht ausdr\u00fccklich angeforderter Werbung und Informationsmaterialien wird hiermit widersprochen. Die Betreiber der Seiten behalten sich ausdr\u00fccklich rechtliche Schritte im Falle der unverlangten Zusendung von Werbeinformationen, etwa durch Spam-E-Mails, vor.<\/p>\n<h4><strong>Datenerfassung auf unserer Website<\/strong><\/h4>\n<p>&nbsp;<\/p>\n<h5>Cookies<\/h5>\n<p>Die Internetseiten der Centre Europ\u00e9en Schengen a.s.b.l. verwenden so genannte Cookies. Cookies richten auf Ihrem Rechner keinen Schaden an und enthalten keine Viren. Cookies dienen dazu, unser Angebot nutzerfreundlicher, effektiver und sicherer zu machen. Cookies sind kleine Textdateien, die auf Ihrem Rechner abgelegt werden und die Ihr Browser speichert. Die meisten der von uns verwendeten Cookies sind so genannte \u201eSession-Cookies\u201d. Sie werden nach Ende Ihres Besuchs automatisch gel\u00f6scht. Andere Cookies bleiben auf Ihrem Endger\u00e4t gespeichert bis Sie diese l\u00f6schen. Diese Cookies erm\u00f6glichen es uns, Ihren Browser beim n\u00e4chsten Besuch wiederzuerkennen.<\/p>\n<p>Sie k\u00f6nnen Ihren Browser so einstellen, dass Sie \u00fcber das Setzen von Cookies informiert werden und Cookies nur im Einzelfall erlauben, die Annahme von Cookies f\u00fcr bestimmte F\u00e4lle oder generell ausschlie\u00dfen sowie das automatische L\u00f6schen der Cookies beim Schlie\u00dfen des Browser aktivieren. Bei der Deaktivierung von Cookies kann die Funktionalit\u00e4t dieser Website eingeschr\u00e4nkt sein. Cookies, die zur Durchf\u00fchrung des elektronischen Kommunikationsvorgangs oder zur Bereitstellung bestimmter, von Ihnen erw\u00fcnschter Funktionen (z.B. Warenkorbfunktion) erforderlich sind, werden auf Grundlage von Art. 6 Abs. 1 lit. f DSGVO gespeichert. Der Websitebetreiber hat ein berechtigtes Interesse an der Speicherung von Cookies zur technisch fehlerfreien und optimierten Bereitstellung seiner Dienste. Soweit andere Cookies (z.B. Cookies zur Analyse Ihres Surfverhaltens) gespeichert werden, werden diese in dieser Datenschutzerkl\u00e4rung gesondert behandelt.<\/p>\n<h5>Server-Log-Dateien<\/h5>\n<p>Bei der blo\u00df informatorischen Nutzung der Website, f\u00fcr die sie sich nicht registrieren m\u00fcssen oder uns anderweitig Informationen \u00fcbermitteln m\u00fcssen, erheben wir nur die personenbezogenen Daten, die Ihr Browser an unseren Server \u00fcbermittelt, die so genannten Server-Log-Dateien, die Ihr Browser automatisch an uns \u00fcbermittelt. Dies sind: Browsertyp und Browserversion, verwendetes Betriebssystem, Referrer URL, Hostname des zugreifenden Rechners, Uhrzeit der Serveranfrage, IP-Adresse. Eine Zusammenf\u00fchrung dieser Daten mit anderen Datenquellen wird nicht vorgenommen. Grundlage f\u00fcr die Datenverarbeitung ist Art. 6 Abs. 1 lit. f DSGVO, der die Verarbeitung von Daten zur Erf\u00fcllung eines Vertrags oder vorvertraglicher Ma\u00dfnahmen gestattet.<\/p>\n<h5>Kontaktformular<\/h5>\n<p>Bei einer Kontaktaufnahme mit uns per E-Mail werden die von Ihnen mitgeteilten Angaben inklusive der von Ihnen dort angegebenen Kontaktdaten zwecks Bearbeitung der Anfrage und f\u00fcr den Fall von Anschlussfragen bei uns gespeichert. Diese Daten geben wir nicht ohne Ihre Einwilligung weiter. Die Verarbeitung der angegebenen Daten erfolgt somit ausschlie\u00dflich auf Grundlage Ihrer Einwilligung (Art. 6 Abs. 1 lit. a DSGVO). Sie k\u00f6nnen diese Einwilligung jederzeit widerrufen. Dazu reicht eine formlose Mitteilung per E-Mail an uns. Die Rechtm\u00e4\u00dfigkeit der bis zum Widerruf erfolgten Datenverarbeitungsvorg\u00e4nge bleibt vom Widerruf unber\u00fchrt. Die von Ihnen bei Ihrer Anfrage angegebenen Daten verbleiben bei uns, bis Sie uns zur L\u00f6schung auffordern, Ihre Einwilligung zur Speicherung widerrufen oder der Zweck f\u00fcr die Datenspeicherung entf\u00e4llt (z.B. nach abgeschlossener Bearbeitung Ihrer Anfrage). Zwingende gesetzliche Bestimmungen \u2013 insbesondere Aufbewahrungsfristen \u2013 bleiben unber\u00fchrt.<\/p>\n<h4><strong>Plugins und Tools<\/strong><\/h4>\n<p>&nbsp;<\/p>\n<h5><strong>YouTube<\/strong><\/h5>\n<p>Unsere Website nutzt Plugins der von Google betriebenen YouTube-Seite. Die Seite wird von YouTube, LLC, 901 Cherry Ave, San Bruno, CA 94066, USA betrieben. Wenn Sie eine unserer mit einem YouTube-Plugin ausgestatteten Seiten besuchen, wird eine Verbindung zu den Servern von YouTube hergestellt. Dabei wird dem YouTube-Server mitgeteilt, welche unserer Seiten Sie besucht haben. Wenn Sie in Ihrem YouTube-Account eingeloggt sind, k\u00f6nnen Sie YouTube erlauben, Ihr Surfverhalten direkt Ihrem pers\u00f6nlichen Profil zuzuordnen. Dies k\u00f6nnen Sie verhindern, indem Sie sich aus Ihrem YouTube-Account ausloggen. Die Nutzung von YouTube erfolgt im Interesse einer ansprechenden Darstellung unserer Online-Angebote. Dies stellt ein berechtigtes Interesse im Sinne von Art. 6 Abs.. 1 lit. f DSGVO dar. Weitere Informationen zum Umgang mit Nutzerdaten finden Sie in der Datenschutzerkl\u00e4rung von YouTube unter: <a href=\"https:\/\/www.google.de\/intl\/de\/policies\/privacy\" target=\"_blank\" rel=\"noopener\">https:\/\/www.google.de\/intl\/de\/policies\/privacy<\/a> Opt-Out: <a href=\"https:\/\/www.google.de\/intl\/de\/policies\/privacy\" target=\"_blank\" rel=\"noopener\">https:\/\/adssettings.google.com\/authenticated<\/a><\/p>\n<h5><strong>Google Web Fonts<\/strong><\/h5>\n<p>Diese Seite verwendet zur einheitlichen Darstellung von Schriftarten sogenannte Webfonts, die von Google bereitgestellt werden. Wenn Sie eine Seite aufrufen, l\u00e4dt Ihr Browser die ben\u00f6tigten Web Fonts in Ihren Browser-Cache, um Texte und Schriften korrekt darzustellen. Zu diesem Zweck muss der von Ihnen verwendete Browser eine Verbindung zu den Servern von Google herstellen. Dadurch erh\u00e4lt Google Kenntnis dar\u00fcber, dass \u00fcber Ihre IP-Adresse auf unsere Website zugegriffen wurde. Die Nutzung von Google Web Fonts erfolgt im Interesse einer einheitlichen und ansprechenden Darstellung unserer Online-Angebote. Dies stellt ein berechtigtes Interesse im Sinne von Art. 6 Abs. 1 lit. f DSGVO dar. Wenn Ihr Browser keine Web Fonts unterst\u00fctzt, wird eine Standardschriftart von Ihrem Computer verwendet. Weitere Informationen zu Google Web Fonts finden Sie unter <a href=\"https:\/\/developers.google.com\/fonts\/faq\" target=\"_blank\" rel=\"noopener\">https:\/\/developers.google.com\/fonts\/faq<\/a> und in der Datenschutzerkl\u00e4rung von Google: <a href=\"https:\/\/www.google.com\/policies\/privacy\/\" target=\"_blank\" rel=\"noopener\">https:\/\/www.google.com\/policies\/privacy\/<\/a> M\u00f6glichkeit zum Opt-Out: <a href=\"https:\/\/adssettings.google.com\/authenticated\" target=\"_blank\" rel=\"noopener\">https:\/\/adssettings.google.com\/authenticated<\/a><\/p>\n<h5><strong>Google Maps<\/strong><\/h5>\n<p>Diese Seite nutzt den Kartendienst Google Maps \u00fcber eine API. Anbieter ist die Google Inc. mit Sitz in 1600 Amphitheatre Parkway, Mountain View, CA 94043, USA. Um die Funktionen von Google Maps nutzen zu k\u00f6nnen, ist es notwendig, Ihre IP-Adresse zu speichern. Diese Informationen werden in der Regel an einen Server von Google in den USA \u00fcbertragen und dort gespeichert. Der Betreiber dieser Seite hat keinen Einfluss auf diese Daten\u00fcbertragung. Die Nutzung von Google Maps erfolgt im Interesse einer ansprechenden Darstellung unserer Online-Angebote und einer leichten Auffindbarkeit der von uns auf der Website angegebenen Orte. Dies stellt ein berechtigtes Interesse im Sinne von Art. 6 Abs. 1 lit. f DSGVO dar. Weitere Informationen zum Umgang mit Nutzerdaten finden Sie in den Datenschutzbestimmungen von Google: <a href=\"https:\/\/www.google.de\/intl\/de\/policies\/privacy\/\" target=\"_blank\" rel=\"noopener\">https:\/\/www.google.de\/intl\/de\/policies\/privacy\/<\/a><\/p>\n<h5><strong>Google reCAPTCHA<\/strong><\/h5>\n<p>Wir nutzen &#8222;Google reCAPTCHA&#8220; (im Folgenden &#8222;reCAPTCHA&#8220;) auf unseren Websites. Anbieter ist die Google Inc., 1600 Amphitheatre Parkway, Mountain View, CA 94043, USA (&#8222;Google&#8220;). Mit reCAPTCHA soll \u00fcberpr\u00fcft werden, ob die Dateneingabe auf unseren Websites (z.B. in einem Kontaktformular) durch einen Menschen oder durch ein automatisiertes Programm erfolgt. Hierzu analysiert reCAPTCHA das Verhalten des Websitebesuchers anhand verschiedener Merkmale. Diese Analyse beginnt automatisch, sobald der Websitebesucher die Website betritt. Zur Analyse wertet reCAPTCHA verschiedene Informationen aus (z.B. IP-Adresse, Verweildauer des Websitebesuchers auf der Website oder vom Nutzer get\u00e4tigte Mausbewegungen). Die bei der Analyse erfassten Daten werden an Google weitergeleitet. Die reCAPTCHA-Analysen laufen vollst\u00e4ndig im Hintergrund. Websitebesucher werden nicht darauf hingewiesen, dass eine Analyse stattfindet. Die Datenverarbeitung erfolgt auf Grundlage von Art. 6 Abs. 1 lit. f DSGVO. Der Websitebetreiber hat ein berechtigtes Interesse daran, seine Webangebote vor missbr\u00e4uchlicher automatisierter Aussp\u00e4hung und vor SPAM zu sch\u00fctzen. Weitere Informationen zu Google reCAPTCHA sowie die Datenschutzerkl\u00e4rung von Google entnehmen Sie folgenden Links: <a href=\"https:\/\/policies.google.com\/privacy?hl=de\" target=\"_blank\" rel=\"noopener\">https:\/\/policies.google.com\/privacy?hl=de<\/a> und <a href=\"https:\/\/cloud.google.com\/security\/products\/recaptcha?hl=de\" target=\"_blank\" rel=\"noopener\">https:\/\/cloud.google.com\/security\/products\/recaptcha?hl=de<\/a>.<\/p>\n<\/div>\n<p>&nbsp;<\/p>\n<\/div>\n<p>&nbsp;<\/p>\n<\/div>\n<p>&nbsp;<\/p>\n<h5><strong>Cookies<\/strong><\/h5>\n<p>&nbsp;<\/p>\n\t\t\t\t\t\t\t\t<\/div>\n\t\t\t\t<\/div>\n\t\t\t\t<div class=\"elementor-element elementor-element-1f4c2e2 elementor-widget elementor-widget-shortcode\" data-id=\"1f4c2e2\" data-element_type=\"widget\" data-e-type=\"widget\" data-widget_type=\"shortcode.default\">\n\t\t\t\t<div class=\"elementor-widget-container\">\n\t\t\t\t\t\t\t<div class=\"elementor-shortcode\"><script\n\t\ttype=\"text\/javascript\"\n\t\tid=\"CookieDeclaration\"\n\t\tsrc=\"https:\/\/consent.cookiebot.com\/4a1f8db8-fea6-4c06-b903-e6133f67afc9\/cd.js\"\n\t\t\tdata-culture=\"DE\"\n\t\t><\/script>\n<\/div>\n\t\t\t\t\t\t<\/div>\n\t\t\t\t<\/div>\n\t\t<div class=\"elementor-element elementor-element-a598576 e-flex e-con-boxed e-con e-parent\" data-id=\"a598576\" data-element_type=\"container\" data-e-type=\"container\">\n\t\t\t\t\t<div class=\"e-con-inner\">\n\t\t<div class=\"elementor-element elementor-element-bab5bda e-con-full e-flex e-con e-child\" data-id=\"bab5bda\" data-element_type=\"container\" data-e-type=\"container\">\n\t\t\t\t<div class=\"elementor-element elementor-element-e4f9478 elementor-align-center elementor-widget elementor-widget-button\" data-id=\"e4f9478\" data-element_type=\"widget\" data-e-type=\"widget\" data-widget_type=\"button.default\">\n\t\t\t\t<div class=\"elementor-widget-container\">\n\t\t\t\t\t\t\t\t\t<div class=\"elementor-button-wrapper\">\n\t\t\t\t\t<a class=\"elementor-button elementor-button-link elementor-size-sm\" href=\"https:\/\/www.visitschengen.lu\/de\/\">\n\t\t\t\t\t\t<span class=\"elementor-button-content-wrapper\">\n\t\t\t\t\t\t\t\t\t<span class=\"elementor-button-text\">Zur\u00fcck zu home<\/span>\n\t\t\t\t\t<\/span>\n\t\t\t\t\t<\/a>\n\t\t\t\t<\/div>\n\t\t\t\t\t\t\t\t<\/div>\n\t\t\t\t<\/div>\n\t\t\t\t<\/div>\n\t\t\t\t\t<\/div>\n\t\t\t\t<\/div>\n\t\t\t\t\t<\/div>\n\t\t<\/div>\n\t\t\t\t\t<\/div>\n\t\t<\/section>\n\t\t\t\t<\/div>\n\t\t","protected":false},"excerpt":{"rendered":"<p>Wir legen gro\u00dfen Wert auf Vertraulichkeit und den Schutz Ihrer pers\u00f6nlichen Daten. Gleichzeitig wollen wir Besuchern, Interessenten und Kunden das bestm\u00f6gliche Erlebnis auf unserer Webseite und in unserem Newsletter bieten. Hier geben wir Ihnen einen einfachen \u00dcberblick \u00fcber die Erfassung personenbezogener Daten beim Besuch dieser Website. Datenschutz im \u00dcberblick Foto- und Videoaufnahmen bei Veranstaltungen Bei [&hellip;]<\/p>\n","protected":false},"author":1,"featured_media":0,"parent":0,"menu_order":0,"comment_status":"closed","ping_status":"closed","template":"","meta":{"footnotes":""},"class_list":["post-5556","page","type-page","status-publish","hentry"],"_links":{"self":[{"href":"https:\/\/www.visitschengen.lu\/de\/wp-json\/wp\/v2\/pages\/5556","targetHints":{"allow":["GET"]}}],"collection":[{"href":"https:\/\/www.visitschengen.lu\/de\/wp-json\/wp\/v2\/pages"}],"about":[{"href":"https:\/\/www.visitschengen.lu\/de\/wp-json\/wp\/v2\/types\/page"}],"author":[{"embeddable":true,"href":"https:\/\/www.visitschengen.lu\/de\/wp-json\/wp\/v2\/users\/1"}],"replies":[{"embeddable":true,"href":"https:\/\/www.visitschengen.lu\/de\/wp-json\/wp\/v2\/comments?post=5556"}],"version-history":[{"count":59,"href":"https:\/\/www.visitschengen.lu\/de\/wp-json\/wp\/v2\/pages\/5556\/revisions"}],"predecessor-version":[{"id":11878,"href":"https:\/\/www.visitschengen.lu\/de\/wp-json\/wp\/v2\/pages\/5556\/revisions\/11878"}],"wp:attachment":[{"href":"https:\/\/www.visitschengen.lu\/de\/wp-json\/wp\/v2\/media?parent=5556"}],"curies":[{"name":"wp","href":"https:\/\/api.w.org\/{rel}","templated":true}]}}