{"id":5554,"date":"2025-02-06T10:28:34","date_gmt":"2025-02-06T09:28:34","guid":{"rendered":"https:\/\/visitschengen.lu\/impressum\/"},"modified":"2025-08-14T09:21:27","modified_gmt":"2025-08-14T07:21:27","slug":"impressum","status":"publish","type":"page","link":"https:\/\/www.visitschengen.lu\/de\/impressum\/","title":{"rendered":"Impressum"},"content":{"rendered":"\t\t<div data-elementor-type=\"wp-page\" data-elementor-id=\"5554\" class=\"elementor elementor-5554 elementor-1039\" data-elementor-post-type=\"page\">\n\t\t\t\t\t\t<section class=\"elementor-section elementor-top-section elementor-element elementor-element-554923f8 elementor-section-boxed elementor-section-height-default elementor-section-height-default\" data-id=\"554923f8\" data-element_type=\"section\" data-e-type=\"section\" data-settings=\"{&quot;background_background&quot;:&quot;classic&quot;}\">\n\t\t\t\t\t\t<div class=\"elementor-container elementor-column-gap-default\">\n\t\t\t\t\t<div class=\"elementor-column elementor-col-100 elementor-top-column elementor-element elementor-element-7d8e36e2\" data-id=\"7d8e36e2\" data-element_type=\"column\" data-e-type=\"column\">\n\t\t\t<div class=\"elementor-widget-wrap elementor-element-populated\">\n\t\t\t\t\t\t\t<\/div>\n\t\t<\/div>\n\t\t\t\t\t<\/div>\n\t\t<\/section>\n\t\t\t\t<section class=\"elementor-section elementor-top-section elementor-element elementor-element-8020986 elementor-section-boxed elementor-section-height-default elementor-section-height-default\" data-id=\"8020986\" data-element_type=\"section\" data-e-type=\"section\" data-settings=\"{&quot;background_background&quot;:&quot;classic&quot;}\">\n\t\t\t\t\t\t<div class=\"elementor-container elementor-column-gap-default\">\n\t\t\t\t\t<div class=\"elementor-column elementor-col-100 elementor-top-column elementor-element elementor-element-1740ce9\" data-id=\"1740ce9\" data-element_type=\"column\" data-e-type=\"column\">\n\t\t\t<div class=\"elementor-widget-wrap elementor-element-populated\">\n\t\t\t\t\t\t<div class=\"elementor-element elementor-element-1b4ae5c elementor-widget elementor-widget-text-editor\" data-id=\"1b4ae5c\" data-element_type=\"widget\" data-e-type=\"widget\" data-widget_type=\"text-editor.default\">\n\t\t\t\t<div class=\"elementor-widget-container\">\n\t\t\t\t\t\t\t\t\t<p>Centre Europ\u00e9en Schengen a.s.b.l.<br \/>6, rue Robert Goebbels<br \/>L-5444 Schengen<br \/>Gro\u00dfherzogtum Luxemburg<br \/>+352 26 66 58 10<br \/><a href=\"mailto:info@visitschengen.lu\"><span style=\"text-decoration: underline;\">info@visitschengen.lu<\/span><\/a><\/p><p>Inhaltlich verantwortlich: Centre Europ\u00e9en Schengen a.s.b.l.<\/p><h4>Haftungshinweis<\/h4><p>Trotz sorgf\u00e4ltiger Kontrolle des Inhalts \u00fcbernehmen wir keine Haftung f\u00fcr die Inhalte externer Links. F\u00fcr den Inhalt der verlinkten Seiten sind ausschlie\u00dflich deren Betreiber verantwortlich. Rechtswidrige Inhalte waren zum Zeitpunkt der Verlinkung nicht erkennbar. Eine permanente inhaltliche Kontrolle der verlinkten Seiten ist jedoch nicht m\u00f6glich. Bei Bekanntwerden von Rechtsverletzungen werden wir derartige Links umgehend entfernen.<\/p><h4>Copyright<\/h4><p>Die durch die Seitenbetreiber erstellten Inhalte und Werke auf diesen Seiten unterliegen dem Urheberrecht. Downloads und Kopien dieser Seite sind ohne ausdr\u00fcckliche Genehmigung nicht gestattet. Alle hier verwendeten Namen, Begriffe, Zeichen und Grafiken k\u00f6nnen Marken- oder Warenzeichen im Besitz ihrer rechtlichen Eigent\u00fcmer sein. Die Rechte aller erw\u00e4hnten und benutzten Marken- und Warenzeichen liegen ausschlie\u00dflich bei deren Besitzern. Sollten Sie auf eine Rechtsverletzung aufmerksam werden, bitten wir um einen entsprechenden Hinweis.<\/p><h4>Photo credits<\/h4><p>\u00a0<\/p><p>Startseite, Titelbilder:<br data-start=\"68\" data-end=\"71\" data-is-only-node=\"\" \/>Mit freundlicher Genehmigung von Migliore+Servetto \/ Andrea Martiradonna, <span style=\"text-decoration: underline;\"><a href=\"mailto:press@miglioreservetto.com\">press@miglioreservetto.com<\/a>, <\/span><a href=\"https:\/\/www.miglioreservetto.com\" target=\"_blank\" rel=\"noopener\"><span style=\"text-decoration: underline;\">www.miglioreservetto.com<\/span><\/a><\/p><h4>Webdesign und Programmierung<\/h4><p>Claudia Eustergerling Design s\u00e0rl, <span style=\"text-decoration: underline;\"><a href=\"mailto:start@eustergerling.lu\">start@eustergerling.lu<\/a>, <\/span><a href=\"https:\/\/www.eustergerling.lu\" target=\"_blank\" rel=\"noopener\"><span style=\"text-decoration: underline;\">www.eustergerling.lu<\/span><\/a><\/p>\t\t\t\t\t\t\t\t<\/div>\n\t\t\t\t<\/div>\n\t\t\t\t\t<\/div>\n\t\t<\/div>\n\t\t\t\t\t<\/div>\n\t\t<\/section>\n\t\t<div class=\"elementor-element elementor-element-c171298 e-flex e-con-boxed e-con e-parent\" data-id=\"c171298\" data-element_type=\"container\" data-e-type=\"container\">\n\t\t\t\t\t<div class=\"e-con-inner\">\n\t\t<div class=\"elementor-element elementor-element-2272493 e-con-full e-flex e-con e-child\" data-id=\"2272493\" data-element_type=\"container\" data-e-type=\"container\">\n\t\t<div class=\"elementor-element elementor-element-df3640e e-con-full e-flex e-con e-child\" data-id=\"df3640e\" data-element_type=\"container\" data-e-type=\"container\">\n\t\t\t\t<div class=\"elementor-element elementor-element-1404a2b elementor-align-center elementor-widget elementor-widget-button\" data-id=\"1404a2b\" data-element_type=\"widget\" data-e-type=\"widget\" data-widget_type=\"button.default\">\n\t\t\t\t<div class=\"elementor-widget-container\">\n\t\t\t\t\t\t\t\t\t<div class=\"elementor-button-wrapper\">\n\t\t\t\t\t<a class=\"elementor-button elementor-button-link elementor-size-sm\" href=\"https:\/\/www.visitschengen.lu\/de\/\">\n\t\t\t\t\t\t<span class=\"elementor-button-content-wrapper\">\n\t\t\t\t\t\t\t\t\t<span class=\"elementor-button-text\">Zur\u00fcck zu home<\/span>\n\t\t\t\t\t<\/span>\n\t\t\t\t\t<\/a>\n\t\t\t\t<\/div>\n\t\t\t\t\t\t\t\t<\/div>\n\t\t\t\t<\/div>\n\t\t\t\t<\/div>\n\t\t\t\t<\/div>\n\t\t\t\t\t<\/div>\n\t\t\t\t<\/div>\n\t\t\t\t<\/div>\n\t\t","protected":false},"excerpt":{"rendered":"<p>Centre Europ\u00e9en Schengen a.s.b.l.6, rue Robert GoebbelsL-5444 SchengenGro\u00dfherzogtum Luxemburg+352 26 66 58 10info@visitschengen.lu Inhaltlich verantwortlich: Centre Europ\u00e9en Schengen a.s.b.l. Haftungshinweis Trotz sorgf\u00e4ltiger Kontrolle des Inhalts \u00fcbernehmen wir keine Haftung f\u00fcr die Inhalte externer Links. F\u00fcr den Inhalt der verlinkten Seiten sind ausschlie\u00dflich deren Betreiber verantwortlich. Rechtswidrige Inhalte waren zum Zeitpunkt der Verlinkung nicht erkennbar. Eine [&hellip;]<\/p>\n","protected":false},"author":1,"featured_media":0,"parent":0,"menu_order":0,"comment_status":"closed","ping_status":"closed","template":"","meta":{"footnotes":""},"class_list":["post-5554","page","type-page","status-publish","hentry"],"_links":{"self":[{"href":"https:\/\/www.visitschengen.lu\/de\/wp-json\/wp\/v2\/pages\/5554","targetHints":{"allow":["GET"]}}],"collection":[{"href":"https:\/\/www.visitschengen.lu\/de\/wp-json\/wp\/v2\/pages"}],"about":[{"href":"https:\/\/www.visitschengen.lu\/de\/wp-json\/wp\/v2\/types\/page"}],"author":[{"embeddable":true,"href":"https:\/\/www.visitschengen.lu\/de\/wp-json\/wp\/v2\/users\/1"}],"replies":[{"embeddable":true,"href":"https:\/\/www.visitschengen.lu\/de\/wp-json\/wp\/v2\/comments?post=5554"}],"version-history":[{"count":13,"href":"https:\/\/www.visitschengen.lu\/de\/wp-json\/wp\/v2\/pages\/5554\/revisions"}],"predecessor-version":[{"id":11869,"href":"https:\/\/www.visitschengen.lu\/de\/wp-json\/wp\/v2\/pages\/5554\/revisions\/11869"}],"wp:attachment":[{"href":"https:\/\/www.visitschengen.lu\/de\/wp-json\/wp\/v2\/media?parent=5554"}],"curies":[{"name":"wp","href":"https:\/\/api.w.org\/{rel}","templated":true}]}}